{"id":8064,"date":"2025-04-28T14:00:30","date_gmt":"2025-04-28T11:00:30","guid":{"rendered":"https:\/\/www.rhein-vision.com.ro\/?page_id=8064"},"modified":"2025-04-28T14:00:30","modified_gmt":"2025-04-28T11:00:30","slug":"polityka-plikow-cookie","status":"publish","type":"page","link":"https:\/\/www.rhein-vision.com\/pl\/politica-de-cookies\/","title":{"rendered":"Polityka plik\u00f3w cookie"},"content":{"rendered":"<p><strong>Informacje o ochronie danych osobowych (RODO) zgodnie z Rozporz\u0105dzeniem (UE) 2016\/279<\/strong><\/p>\n<p>Zasady i przepisy dotycz\u0105ce ochrony os\u00f3b fizycznych w zakresie przetwarzania ich danych osobowych musz\u0105, niezale\u017cnie od obywatelstwa lub miejsca zamieszkania os\u00f3b fizycznych, respektowa\u0107 ich podstawowe prawa i wolno\u015bci, w szczeg\u00f3lno\u015bci prawo do ochrony danych osobowych.<\/p>\n<p>Dlatego ochrona Twoich danych jest dla nas wa\u017cna. Chcemy by\u0107 transparentni w kwestii rodzaju i celu zbieranych i przetwarzanych przez nas danych osobowych, zgodnie z nowymi standardami Og\u00f3lnego Rozporz\u0105dzenia o Ochronie Danych (RODO) 2016\/679.<\/p>\n<p><strong>Polityka plik\u00f3w cookie<\/strong><\/p>\n<p><strong>Czym s\u0105 pliki cookie i jak s\u0105 wykorzystywane?<\/strong><\/p>\n<p>Pliki cookie to niewielkie pliki, zazwyczaj sk\u0142adaj\u0105ce si\u0119 z ci\u0105gu znak\u00f3w lub fragment\u00f3w pliku, kt\u00f3re podczas odwiedzania witryny s\u0105 zapisywane w przegl\u0105darce u\u017cywanej przez komputer, telefon, tablet lub inne urz\u0105dzenie, za po\u015brednictwem kt\u00f3rego u\u017cytkownik uzyskuje dost\u0119p do danej witryny. Przy ka\u017cdym kolejnym wej\u015bciu na stron\u0119, u\u017cywana przegl\u0105darka wysy\u0142a ten plik na serwer danej witryny, aby umo\u017cliwi\u0107 identyfikacj\u0119 odwiedzaj\u0105cego, kt\u00f3ry powr\u00f3ci\u0142 na stron\u0119.<\/p>\n<p>Kiedy uzyskujesz dost\u0119p do witryny jako go\u015b\u0107, do Twojej przegl\u0105darki internetowej wysy\u0142any jest plik cookie, kt\u00f3ry nast\u0119pnie zapisywany jest na dysku twardym Twojego komputera. Mo\u017cesz jednak zablokowa\u0107 zapisywanie plik\u00f3w cookie, zmieniaj\u0105c ustawienia swojej przegl\u0105darki.<\/p>\n<p>Pliki cookie mog\u0105 przechowywa\u0107 informacje o charakterze osobistym (na przyk\u0142ad kod identyfikacyjny odwiedzaj\u0105cego, spersonalizowane preferencje lub histori\u0119 odwiedzonych stron). Informacje te nie s\u0105 generowane przez pliki cookie, ale przez odwiedzaj\u0105cego, gdy wype\u0142nia on formularze online.<br \/>\nChocia\u017c pliki cookie s\u0105 przechowywane w pami\u0119ci komputera, telefonu, tabletu lub innego urz\u0105dzenia wykorzystywanego do dost\u0119pu do witryny, nie maj\u0105 one dost\u0119pu do innych informacji przechowywanych na tym urz\u0105dzeniu ani nie mog\u0105 ich odczyta\u0107.<\/p>\n<p>Pliki cookie nie s\u0105 wirusami, nie s\u0105 kompilowane do kodu i nie mog\u0105 zosta\u0107 wykonane. W zwi\u0105zku z tym nie mog\u0105 odpowiada\u0107 samodzielnie, rozprzestrzenia\u0107 si\u0119 do innych sieci w celu wywo\u0142ania okre\u015blonych dzia\u0142a\u0144 i nie mog\u0105 by\u0107 wykorzystywane do rozprzestrzeniania wirus\u00f3w.<\/p>\n<p>W zale\u017cno\u015bci od czasu trwania pliki cookie mog\u0105 by\u0107 plikami sesyjnymi lub trwa\u0142ymi:<br \/>\nPliki cookie sesji maj\u0105 tymczasowy czas przechowywania, ograniczony jedynie do czasu trwania sesji, w trakcie kt\u00f3rej dany u\u017cytkownik uzyskuje dost\u0119p do witryny. Po zamkni\u0119ciu sesji lub przegl\u0105darki wszystkie zapisane informacje s\u0105 usuwane;<\/p>\n<p><strong>Jakich plik\u00f3w cookie u\u017cywa ta witryna?<\/strong><\/p>\n<p>Ta strona u\u017cywa zar\u00f3wno plik\u00f3w cookie sesyjnych, jak i trwa\u0142ych.<\/p>\n<p>Pliki cookie u\u017cywane przez t\u0119 witryn\u0119 to zar\u00f3wno nasze w\u0142asne pliki cookie, jak i pliki cookie stron trzecich, kt\u00f3re pozwalaj\u0105 nam zapewni\u0107 funkcjonalno\u015b\u0107 witryny oraz zrozumie\u0107 potrzeby i wymagania odwiedzaj\u0105cych witryn\u0119, aby ulepszy\u0107 ich do\u015bwiadczenia w przegl\u0105daniu witryny, w celu zapewnienia jak najlepszego korzystania z us\u0142ug oferowanych za po\u015brednictwem tej witryny.<\/p>\n<p>Aby analizowa\u0107 ruch i wydajno\u015b\u0107 tej witryny, a tak\u017ce optymalizowa\u0107 jej zawarto\u015b\u0107, korzystamy z narz\u0119dzi analitycznych udost\u0119pnianych przez Google Analytics, us\u0142ug\u0119 analizy sieci Web \u015bwiadczon\u0105 przez Google Inc. (\u201cGoogle\u201d). Analityczne pliki cookie zbieraj\u0105 i przechowuj\u0105 informacje dotycz\u0105ce odwiedzanych stron, informacje o przegl\u0105darce i urz\u0105dzeniach odwiedzaj\u0105cych, a tak\u017ce spos\u00f3b dost\u0119pu do witryny i zachowanie odwiedzaj\u0105cych na wielu kana\u0142ach, czas trwania wizyty na stronie, informacje dotycz\u0105ce wizyt na stronie. Informacje te pomagaj\u0105 nam analizowa\u0107 spos\u00f3b korzystania ze stron (w tym najcz\u0119\u015bciej odwiedzane strony, a tak\u017ce trudno\u015bci, kt\u00f3re mog\u0105 wyst\u0105pi\u0107 podczas nawigacji), interakcj\u0119 ze stronami i opcje nawigacji odwiedzaj\u0105cych na stronie, ruch generowany na stronie przez nasze kampanie reklamowe. Analizowane cechy s\u0105 anonimizowane, wi\u0119c nie pozwalaj\u0105 na identyfikacj\u0119 odwiedzaj\u0105cych na poziomie osoby (znane r\u00f3wnie\u017c jako wska\u017aniki pomiaru sieci).<\/p>\n<p>U\u017cywamy Google Analytics do gromadzenia informacji o tym, jak odwiedzaj\u0105cy korzystaj\u0105 z naszych stron internetowych i aplikacji internetowych. Gromadzimy na przyk\u0142ad takie dane, jak \u017ar\u00f3d\u0142o wizyty oraz \u0142\u0105czna liczba odwiedzaj\u0105cych nasz\u0105 stron\u0119 internetow\u0105 i aplikacje. Pozwala nam to okre\u015bli\u0107 skuteczno\u015b\u0107 naszych kampanii promocyjnych i aktywno\u015b\u0107 u\u017cytkownik\u00f3w na naszych stronach internetowych i w aplikacjach.<\/p>\n<p>Wi\u0119cej szczeg\u00f3\u0142\u00f3w na temat polityki prywatno\u015bci Google Analytics znajdziesz tutaj:\u00a0<a href=\"https:\/\/support.google.com\/\">https:\/\/support.google.com<\/a><\/p>\n<p><strong>Jak odinstalowa\u0107\/usun\u0105\u0107 pliki cookie?<\/strong><\/p>\n<p>Wy\u0142\u0105czenie plik\u00f3w cookie mo\u017ce utrudni\u0107, a nawet uniemo\u017cliwi\u0107 nawigacj\u0119 po niekt\u00f3rych stronach internetowych. Mo\u017ce to r\u00f3wnie\u017c uniemo\u017cliwi\u0107 korzystanie z przyjemnego przegl\u0105dania stron internetowych, a tym samym z wszystkich korzy\u015bci oferowanych przez dan\u0105 stron\u0119 internetow\u0105.<\/p>\n<p>Nowoczesne przegl\u0105darki umo\u017cliwiaj\u0105 u\u017cytkownikom zmian\u0119 ustawie\u0144 dotycz\u0105cych plik\u00f3w cookie. Zazwyczaj mo\u017cna je znale\u017a\u0107 w menu \u201cPomoc\u201d, \u201cOpcje\u201d lub \u201cPreferencje\u201d przegl\u0105darki.<\/p>\n<p>Dost\u0119p do danych zbieranych za po\u015brednictwem plik\u00f3w cookie ma Dzia\u0142 Marketingu.<\/p>\n<p><strong>Wtyczki medi\u00f3w spo\u0142eczno\u015bciowych<\/strong><\/p>\n<p>Strona korzysta z \u201ewtyczek\u201d nast\u0119puj\u0105cych operator\u00f3w serwis\u00f3w spo\u0142eczno\u015bciowych: Facebook, Twitter. Wtyczki serwis\u00f3w spo\u0142eczno\u015bciowych s\u0105 widoczne w dolnej cz\u0119\u015bci strony i mo\u017cna je zidentyfikowa\u0107 za pomoc\u0105 ikony w\u0142a\u015bciwej dla danego serwisu spo\u0142eczno\u015bciowego.<\/p>\n<p>U\u017cywamy tych wtyczek, aby zapewni\u0107 po\u0142\u0105czenie mi\u0119dzy t\u0105 witryn\u0105 a oficjalnymi stronami zarz\u0105dzanymi przez Rhein Vision w ramach ka\u017cdej z wy\u017cej wymienionych sieci spo\u0142eczno\u015bciowych.<\/p>\n<p>Przegl\u0105danie witryny pozwala operatorom medi\u00f3w spo\u0142eczno\u015bciowych zbiera\u0107 pewne informacje o u\u017cytkownikach witryny (w tym o u\u017cytkownikach, kt\u00f3rzy nie zalogowali si\u0119 na koncie w mediach spo\u0142eczno\u015bciowych podczas uzyskiwania dost\u0119pu do witryny i niezale\u017cnie od tego, czy korzystaj\u0105 z tych wtyczek), takie jak adres IP, informacje o nag\u0142\u00f3wku strony, informacje o przegl\u0105darce, informacje o interakcji z t\u0105 witryn\u0105. Rhein Vision nie ma dost\u0119pu do tych danych i ich nie przechowuje, a ich zbieranie i ujawnianie odbywa si\u0119 automatycznie.<\/p>\n<p>Je\u017celi nie wyra\u017casz zgody na wykorzystanie plik\u00f3w cookies, mo\u017cesz zablokowa\u0107 wszelkie pliki cookies w ustawieniach swojej przegl\u0105darki.<br \/>\nPrzegl\u0105darki internetowe oferuj\u0105 funkcje umo\u017cliwiaj\u0105ce ustawienie poziomu bezpiecze\u0144stwa informacji, umo\u017cliwiaj\u0105c odwiedzaj\u0105cym rezygnacj\u0119 z zapisywania ich preferencji, dzi\u0119ki czemu mo\u017cna zablokowa\u0107 u\u017cycie plik\u00f3w cookie, zmieniaj\u0105c ustawienia przegl\u0105darki. Aby skorzysta\u0107 z funkcji ustawiania poziomu akceptacji plik\u00f3w cookie, w wi\u0119kszo\u015bci przypadk\u00f3w nale\u017cy przej\u015b\u0107 do sekcji \u201cUstawienia\u201d \/ \u201cOpcje internetowe\u201d, a nast\u0119pnie do podsekcji \u201cPoufno\u015b\u0107 i bezpiecze\u0144stwo\u201d \/ \u201cPrywatno\u015b\u0107\u201d w menu przegl\u0105darki. W zale\u017cno\u015bci od u\u017cywanej przegl\u0105darki kroki te mog\u0105 si\u0119 r\u00f3\u017cni\u0107.<\/p>\n<p>W dowolnym momencie mo\u017cesz usun\u0105\u0107 pliki cookie zapisane na u\u017cywanym urz\u0105dzeniu, wchodz\u0105c w sekcj\u0119 \u201cUstawienia\u201d \/ \u201cBezpiecze\u0144stwo\u201d, podsekcja \u201cPrywatno\u015b\u0107 i bezpiecze\u0144stwo\u201d \/ \u201cUsu\u0144 histori\u0119 przegl\u0105dania\u201d w menu przegl\u0105darki. W zale\u017cno\u015bci od u\u017cywanej przegl\u0105darki kroki te mog\u0105 si\u0119 r\u00f3\u017cni\u0107.<\/p>\n<p><strong>Prawa wynikaj\u0105ce z przepis\u00f3w o ochronie danych<\/strong><\/p>\n<p>Osoby odwiedzaj\u0105ce t\u0119 witryn\u0119 korzystaj\u0105 ze wszystkich praw przewidzianych w przepisach o ochronie danych osobowych, w szczeg\u00f3lno\u015bci:<\/p>\n<ul>\n<li>prawo do informacji;<\/li>\n<li>prawo dost\u0119pu do danych;<\/li>\n<li>prawo do sprostowania;<\/li>\n<li>prawo do usuni\u0119cia danych (\u201eprawo do bycia zapomnianym\u201d);<\/li>\n<li>prawo do ograniczenia przetwarzania;<\/li>\n<li>prawo do przenoszenia danych;<\/li>\n<li>prawo do sprzeciwu wobec przetwarzania danych;<\/li>\n<li>prawo do niepodlegania zautomatyzowanemu podejmowaniu decyzji w indywidualnych przypadkach;<\/li>\n<li>prawo do zwr\u00f3cenia si\u0119 do Prezesa Urz\u0119du Ochrony Danych Osobowych lub w\u0142a\u015bciwego s\u0105du.<\/li>\n<\/ul>\n<p><strong>Gromadzone dane i cel przetwarzania<\/strong><\/p>\n<p>Gromadzimy g\u0142\u00f3wnie dwa rodzaje danych: dane dostarczane bezpo\u015brednio przez Ciebie oraz dane pobierane z plik\u00f3w cookie.<\/p>\n<p>Mo\u017cemy zbiera\u0107 nast\u0119puj\u0105ce informacje:<\/p>\n<ul>\n<li>nazwisko \/ imi\u0119;<\/li>\n<li>dane kontaktowe, w tym adres e-mail;<\/li>\n<li>inne informacje istotne dla ankiet i\/lub ofert dla klient\u00f3w;<\/li>\n<li>Adres IP \u2013 Dzi\u0119ki geolokalizacji, na podstawie adresu IP, mo\u017cliwe jest technicznie oszacowanie lokalizacji u\u017cytkownika Internetu. Po zako\u0144czeniu bie\u017c\u0105cej sesji adres IP nie jest przez nas przechowywany w celu geolokalizacji.<\/li>\n<\/ul>\n<p><strong>Dane dostarczone bezpo\u015brednio przez Ciebie:<\/strong><\/p>\n<p>Aby otrzymywa\u0107 informacje o naszych produktach, akcjach promocyjnych i ofertach specjalnych, nale\u017cy wype\u0142ni\u0107 formularz rejestracyjny (newsletter) zawieraj\u0105cy dane dotycz\u0105ce imienia, adresu e-mail i numeru telefonu. Dane te s\u0105 traktowane jako poufne i b\u0119d\u0105 gromadzone wy\u0142\u0105cznie w celu p\u00f3\u017aniejszego kontaktu z Pa\u0144stwem w celu przedstawienia naszej oferty, a tak\u017ce w celu uzyskania dalszych informacji, zazwyczaj za po\u015brednictwem newsletter\u00f3w e-mailowych dotycz\u0105cych nowo\u015bci lub promocji.<\/p>\n<p>Zgodnie z Rozporz\u0105dzeniem (UE) 2016\/679 i powi\u0105zanymi przepisami, cele, dla kt\u00f3rych przetwarzamy Pa\u0144stwa dane osobowe, s\u0105 \u015bci\u015ble zwi\u0105zane z relacj\u0105 mi\u0119dzy Rhein Vision a osob\u0105, kt\u00f3rej dane dotycz\u0105. Informacje, kt\u00f3re nam Pa\u0144stwo przekazuj\u0105, s\u0105 traktowane z zachowaniem najwy\u017cszej poufno\u015bci i wy\u0142\u0105cznie w celach, dla kt\u00f3rych zosta\u0142y zebrane.<\/p>\n<p>Cele, dla kt\u00f3rych przetwarzamy dane, to:<\/p>\n<ul>\n<li>zawieranie um\u00f3w i zarz\u0105dzanie relacjami z klientami;<\/li>\n<li>rozw\u00f3j dzia\u0142alno\u015bci marketingowej.<\/li>\n<\/ul>\n<p>Dost\u0119p do witryny:<\/p>\n<p>Za ka\u017cdym razem, gdy u\u017cytkownik odwiedza stron\u0119 z naszej oferty i otwiera plik, dane dost\u0119powe s\u0105 zapisywane przez nas, a cz\u0119\u015bciowo r\u00f3wnie\u017c przez osoby trzecie, w postaci plik\u00f3w protoko\u0142u. Ka\u017cdy zestaw danych obejmuje: stron\u0119 internetow\u0105, z kt\u00f3rej u\u017cytkownik uzyskuje dost\u0119p do naszej strony, adres IP, dat\u0119 i godzin\u0119 dost\u0119pu, \u017c\u0105danie klienta, kod odpowiedzi http, ilo\u015b\u0107 przes\u0142anych danych, informacje o przegl\u0105darce i systemie operacyjnym, z kt\u00f3rego korzysta u\u017cytkownik.<\/p>\n<p><strong>Umowa o przetwarzaniu danych osobowych<\/strong>\u00a0kt\u00f3ry jest skierowany do os\u00f3b rejestruj\u0105cych si\u0119 na stronie internetowej\u00a0<a href=\"https:\/\/www.rhein-vision.com\/pl\/\">www.rhein-vision.com<\/a>\u00a0.<\/p>\n<p>Zgodnie z art. 32 Rozporz\u0105dzenia (UE) 2016\/679, zgoda jest wyra\u017cana w drodze jednoznacznego dzia\u0142ania, kt\u00f3re stanowi dobrowolne, konkretne, \u015bwiadome i jasne okazanie zgody na przetwarzanie danych osobowych w formacie elektronicznym. Zgoda ta obejmuje zaznaczenie pola dotycz\u0105cego zgody na przetwarzanie danych osobowych w formularzu rejestracyjnym. Dane te b\u0119d\u0105 wykorzystywane wy\u0142\u0105cznie w celach marketingowych.<\/p>\n<p><strong>Ochrona danych kontaktowych<\/strong><\/p>\n<p>W zakresie, w jakim opr\u00f3cz informacji przedstawionych powy\u017cej uwa\u017casz, \u017ce potrzebujesz wyja\u015bnie\u0144 lub dodatkowych informacji, lub chcesz skorzysta\u0107 z praw, z kt\u00f3rych korzystasz w kontek\u015bcie przetwarzania Twoich danych osobowych, masz mo\u017cliwo\u015b\u0107 skontaktowania si\u0119 z Inspektorem Ochrony Danych pod numerem Rhein Vision, pod nast\u0119puj\u0105cym adresem e-mail:\u00a0<a href=\"mailto:dpo@rhein-vision.com\">dpo@rhein-vision.com<\/a>\u00a0.<\/p>","protected":false},"excerpt":{"rendered":"<p>Informare cu privire la protectia datelor cu caracter personal (GDPR) in conformitate cu regulamentul (UE) 2016\/279 Principiile \u0219i normele referitoare<\/p>","protected":false},"author":1,"featured_media":0,"parent":0,"menu_order":0,"comment_status":"closed","ping_status":"closed","template":"","meta":{"footnotes":""},"class_list":["post-8064","page","type-page","status-publish","hentry"],"yoast_head":"<!-- This site is optimized with the Yoast SEO plugin v27.2 - https:\/\/yoast.com\/product\/yoast-seo-wordpress\/ -->\n<title>Politica de cookies - Rhein Vision<\/title>\n<meta name=\"description\" content=\"Informare cu privire la protectia datelor cu caracter personal (GDPR) in conformitate cu regulamentul (UE) 2016\/279 Principiile \u0219i normele referitoare la.\" \/>\n<meta name=\"robots\" content=\"index, follow, max-snippet:-1, max-image-preview:large, max-video-preview:-1\" \/>\n<link rel=\"canonical\" href=\"https:\/\/www.rhein-vision.com\/pl\/polityka-plikow-cookie\/\" \/>\n<meta property=\"og:locale\" content=\"pl_PL\" \/>\n<meta property=\"og:type\" content=\"article\" \/>\n<meta property=\"og:title\" content=\"Politica de cookies - Rhein Vision\" \/>\n<meta property=\"og:description\" content=\"Informare cu privire la protectia datelor cu caracter personal (GDPR) in conformitate cu regulamentul (UE) 2016\/279 Principiile \u0219i normele referitoare la.\" \/>\n<meta property=\"og:url\" content=\"https:\/\/www.rhein-vision.com\/pl\/polityka-plikow-cookie\/\" \/>\n<meta property=\"og:site_name\" content=\"Rhein Vision\" \/>\n<meta name=\"twitter:card\" content=\"summary_large_image\" \/>\n<meta name=\"twitter:label1\" content=\"Szacowany czas czytania\" \/>\n\t<meta name=\"twitter:data1\" content=\"9 minut\" \/>\n<script type=\"application\/ld+json\" class=\"yoast-schema-graph\">{\"@context\":\"https:\/\/schema.org\",\"@graph\":[{\"@type\":\"WebPage\",\"@id\":\"https:\/\/www.rhein-vision.com\/politica-de-cookies\/\",\"url\":\"https:\/\/www.rhein-vision.com\/politica-de-cookies\/\",\"name\":\"Politica de cookies - Rhein Vision\",\"isPartOf\":{\"@id\":\"https:\/\/www.rhein-vision.com\/#website\"},\"datePublished\":\"2025-04-28T11:00:30+00:00\",\"description\":\"Informare cu privire la protectia datelor cu caracter personal (GDPR) in conformitate cu regulamentul (UE) 2016\/279 Principiile \u0219i normele referitoare la.\",\"breadcrumb\":{\"@id\":\"https:\/\/www.rhein-vision.com\/politica-de-cookies\/#breadcrumb\"},\"inLanguage\":\"pl-PL\",\"potentialAction\":[{\"@type\":\"ReadAction\",\"target\":[\"https:\/\/www.rhein-vision.com\/politica-de-cookies\/\"]}]},{\"@type\":\"BreadcrumbList\",\"@id\":\"https:\/\/www.rhein-vision.com\/politica-de-cookies\/#breadcrumb\",\"itemListElement\":[{\"@type\":\"ListItem\",\"position\":1,\"name\":\"Prima pagin\u0103\",\"item\":\"https:\/\/www.rhein-vision.com\/\"},{\"@type\":\"ListItem\",\"position\":2,\"name\":\"Politica de cookies\"}]},{\"@type\":\"WebSite\",\"@id\":\"https:\/\/www.rhein-vision.com\/#website\",\"url\":\"https:\/\/www.rhein-vision.com\/\",\"name\":\"Rhein Vision\",\"description\":\"\",\"potentialAction\":[{\"@type\":\"SearchAction\",\"target\":{\"@type\":\"EntryPoint\",\"urlTemplate\":\"https:\/\/www.rhein-vision.com\/?s={search_term_string}\"},\"query-input\":{\"@type\":\"PropertyValueSpecification\",\"valueRequired\":true,\"valueName\":\"search_term_string\"}}],\"inLanguage\":\"pl-PL\"}]}<\/script>\n<!-- \/ Yoast SEO plugin. -->","yoast_head_json":{"title":"Polityka plik\u00f3w cookie - Rhein Vision","description":"Informacje o ochronie danych osobowych (RODO) zgodnie z Rozporz\u0105dzeniem (UE) 2016\/279 Zasady i przepisy dotycz\u0105ce.","robots":{"index":"index","follow":"follow","max-snippet":"max-snippet:-1","max-image-preview":"max-image-preview:large","max-video-preview":"max-video-preview:-1"},"canonical":"https:\/\/www.rhein-vision.com\/pl\/polityka-plikow-cookie\/","og_locale":"pl_PL","og_type":"article","og_title":"Politica de cookies - Rhein Vision","og_description":"Informare cu privire la protectia datelor cu caracter personal (GDPR) in conformitate cu regulamentul (UE) 2016\/279 Principiile \u0219i normele referitoare la.","og_url":"https:\/\/www.rhein-vision.com\/pl\/polityka-plikow-cookie\/","og_site_name":"Rhein Vision","twitter_card":"summary_large_image","twitter_misc":{"Szacowany czas czytania":"9 minut"},"schema":{"@context":"https:\/\/schema.org","@graph":[{"@type":"WebPage","@id":"https:\/\/www.rhein-vision.com\/politica-de-cookies\/","url":"https:\/\/www.rhein-vision.com\/politica-de-cookies\/","name":"Polityka plik\u00f3w cookie - Rhein Vision","isPartOf":{"@id":"https:\/\/www.rhein-vision.com\/#website"},"datePublished":"2025-04-28T11:00:30+00:00","description":"Informacje o ochronie danych osobowych (RODO) zgodnie z Rozporz\u0105dzeniem (UE) 2016\/279 Zasady i przepisy dotycz\u0105ce.","breadcrumb":{"@id":"https:\/\/www.rhein-vision.com\/politica-de-cookies\/#breadcrumb"},"inLanguage":"pl-PL","potentialAction":[{"@type":"ReadAction","target":["https:\/\/www.rhein-vision.com\/politica-de-cookies\/"]}]},{"@type":"BreadcrumbList","@id":"https:\/\/www.rhein-vision.com\/politica-de-cookies\/#breadcrumb","itemListElement":[{"@type":"ListItem","position":1,"name":"Prima pagin\u0103","item":"https:\/\/www.rhein-vision.com\/"},{"@type":"ListItem","position":2,"name":"Politica de cookies"}]},{"@type":"WebSite","@id":"https:\/\/www.rhein-vision.com\/#website","url":"https:\/\/www.rhein-vision.com\/","name":"Rhein Vision","description":"","potentialAction":[{"@type":"SearchAction","target":{"@type":"EntryPoint","urlTemplate":"https:\/\/www.rhein-vision.com\/?s={search_term_string}"},"query-input":{"@type":"PropertyValueSpecification","valueRequired":true,"valueName":"search_term_string"}}],"inLanguage":"pl-PL"}]}},"_links":{"self":[{"href":"https:\/\/www.rhein-vision.com\/pl\/wp-json\/wp\/v2\/pages\/8064","targetHints":{"allow":["GET"]}}],"collection":[{"href":"https:\/\/www.rhein-vision.com\/pl\/wp-json\/wp\/v2\/pages"}],"about":[{"href":"https:\/\/www.rhein-vision.com\/pl\/wp-json\/wp\/v2\/types\/page"}],"author":[{"embeddable":true,"href":"https:\/\/www.rhein-vision.com\/pl\/wp-json\/wp\/v2\/users\/1"}],"replies":[{"embeddable":true,"href":"https:\/\/www.rhein-vision.com\/pl\/wp-json\/wp\/v2\/comments?post=8064"}],"version-history":[{"count":1,"href":"https:\/\/www.rhein-vision.com\/pl\/wp-json\/wp\/v2\/pages\/8064\/revisions"}],"predecessor-version":[{"id":8065,"href":"https:\/\/www.rhein-vision.com\/pl\/wp-json\/wp\/v2\/pages\/8064\/revisions\/8065"}],"wp:attachment":[{"href":"https:\/\/www.rhein-vision.com\/pl\/wp-json\/wp\/v2\/media?parent=8064"}],"curies":[{"name":"wp","href":"https:\/\/api.w.org\/{rel}","templated":true}]}}