{"id":8064,"date":"2025-04-28T14:00:30","date_gmt":"2025-04-28T11:00:30","guid":{"rendered":"https:\/\/www.rhein-vision.com.ro\/?page_id=8064"},"modified":"2025-04-28T14:00:30","modified_gmt":"2025-04-28T11:00:30","slug":"politique-en-matiere-de-cookies","status":"publish","type":"page","link":"https:\/\/www.rhein-vision.com\/fr\/politica-de-cookies\/","title":{"rendered":"Politique relative aux cookies"},"content":{"rendered":"<p><strong>Informations relatives \u00e0 la protection des donn\u00e9es personnelles (RGPD) conform\u00e9ment au R\u00e8glement (UE) 2016\/279<\/strong><\/p>\n<p>Les principes et r\u00e8gles relatifs \u00e0 la protection des personnes physiques \u00e0 l\u2019\u00e9gard du traitement de leurs donn\u00e9es \u00e0 caract\u00e8re personnel doivent, ind\u00e9pendamment de leur nationalit\u00e9 ou de leur lieu de r\u00e9sidence, respecter leurs droits et libert\u00e9s fondamentaux, notamment le droit \u00e0 la protection des donn\u00e9es \u00e0 caract\u00e8re personnel.<\/p>\n<p>C\u2019est pourquoi la protection de vos donn\u00e9es est importante pour nous. Nous souhaitons \u00eatre transparents quant au type et \u00e0 la finalit\u00e9 des donn\u00e9es personnelles que nous collectons et traitons, conform\u00e9ment aux nouvelles normes du R\u00e8glement g\u00e9n\u00e9ral sur la protection des donn\u00e9es (RGPD) 2016\/679.<\/p>\n<p><strong>Politique relative aux cookies<\/strong><\/p>\n<p><strong>Que sont les cookies et comment sont-ils utilis\u00e9s\u00a0?<\/strong><\/p>\n<p>Les cookies sont de petits fichiers, g\u00e9n\u00e9ralement compos\u00e9s d&#039;une cha\u00eene de caract\u00e8res ou d&#039;une partie de fichier, qui sont enregistr\u00e9s dans le navigateur utilis\u00e9 par l&#039;ordinateur, le t\u00e9l\u00e9phone, la tablette ou tout autre appareil permettant d&#039;acc\u00e9der \u00e0 Internet lors de la consultation d&#039;un site. \u00c0 chaque visite ult\u00e9rieure, le navigateur envoie ce fichier au serveur du site afin de permettre l&#039;identification du visiteur.<\/p>\n<p>Lorsque vous acc\u00e9dez au site en tant que visiteur, un cookie est envoy\u00e9 \u00e0 votre navigateur internet et enregistr\u00e9 sur le disque dur de votre ordinateur, mais vous pouvez bloquer l&#039;enregistrement des cookies en modifiant les param\u00e8tres de votre navigateur.<\/p>\n<p>Les cookies peuvent stocker des informations \u00e0 caract\u00e8re personnel (par exemple, le code d&#039;identification d&#039;un visiteur, ses pr\u00e9f\u00e9rences personnalis\u00e9es ou l&#039;historique des pages consult\u00e9es). Ces informations ne sont pas g\u00e9n\u00e9r\u00e9es par les cookies, mais par le visiteur lui-m\u00eame lorsqu&#039;il remplit des formulaires en ligne.<br \/>\nBien que les cookies soient stock\u00e9s dans la m\u00e9moire de l&#039;ordinateur, du t\u00e9l\u00e9phone, de la tablette ou de tout autre appareil utilis\u00e9 pour acc\u00e9der \u00e0 un site, ils ne peuvent pas acc\u00e9der ni lire d&#039;autres informations stock\u00e9es sur cet appareil.<\/p>\n<p>Les cookies ne sont pas des virus\u00a0; ils ne sont pas compil\u00e9s en code et ne peuvent donc pas \u00eatre ex\u00e9cut\u00e9s. Par cons\u00e9quent, ils ne peuvent pas r\u00e9pondre d\u2019eux-m\u00eames, se propager \u00e0 d\u2019autres r\u00e9seaux pour d\u00e9clencher certaines actions et ne peuvent pas \u00eatre utilis\u00e9s pour diffuser des virus.<\/p>\n<p>Selon leur dur\u00e9e de vie, les cookies peuvent \u00eatre des cookies de session ou des cookies persistants\u00a0:<br \/>\nLes cookies de session ont une dur\u00e9e de stockage temporaire, limit\u00e9e \u00e0 la dur\u00e9e de la session pendant laquelle un visiteur acc\u00e8de au site. Lorsque la session ou le navigateur est ferm\u00e9, toutes les informations stock\u00e9es sont supprim\u00e9es.;<\/p>\n<p><strong>Quels cookies ce site utilise-t-il\u00a0?<\/strong><\/p>\n<p>Ce site utilise des cookies de session ainsi que des cookies persistants.<\/p>\n<p>Les cookies utilis\u00e9s par ce site sont \u00e0 la fois nos propres cookies et des cookies tiers, qui nous permettent d&#039;assurer le bon fonctionnement du site et de comprendre les besoins et exigences des visiteurs, afin d&#039;am\u00e9liorer leur exp\u00e9rience de navigation et de garantir la meilleure utilisation possible des services propos\u00e9s par ce site.<\/p>\n<p>Afin d&#039;analyser le trafic et les performances de ce site, ainsi que d&#039;optimiser son contenu, nous utilisons les outils d&#039;analyse fournis par Google Analytics, un service d&#039;analyse web propos\u00e9 par Google Inc. (\u201c Google \u201d). Les cookies analytiques collectent et stockent des informations concernant les pages consult\u00e9es, le navigateur et les appareils utilis\u00e9s par les visiteurs, leur mode d&#039;acc\u00e8s au site web, leur comportement sur diff\u00e9rents canaux, la dur\u00e9e de leur visite et d&#039;autres informations relatives \u00e0 leurs visites. Ces donn\u00e9es nous permettent d&#039;analyser l&#039;utilisation des pages (notamment les pages les plus visit\u00e9es et les difficult\u00e9s de navigation rencontr\u00e9es), l&#039;interaction des visiteurs avec les pages et leurs options de navigation, ainsi que le trafic g\u00e9n\u00e9r\u00e9 par nos campagnes publicitaires. Les caract\u00e9ristiques analys\u00e9es sont anonymis\u00e9es, ce qui emp\u00eache l&#039;identification individuelle des visiteurs (\u00e9galement appel\u00e9es indicateurs de mesure web).<\/p>\n<p>Nous utilisons Google Analytics pour recueillir des informations sur la fa\u00e7on dont les visiteurs utilisent nos sites web et applications. Par exemple, nous collectons des donn\u00e9es telles que la source de la visite et le nombre total de visiteurs sur nos sites web et applications. Cela nous permet d&#039;\u00e9valuer l&#039;efficacit\u00e9 de nos campagnes promotionnelles et l&#039;activit\u00e9 des utilisateurs sur nos sites web et applications.<\/p>\n<p>Vous trouverez plus de d\u00e9tails sur la politique de confidentialit\u00e9 de Google Analytics ici\u00a0:\u00a0<a href=\"https:\/\/support.google.com\/\">https:\/\/support.google.com<\/a><\/p>\n<p><strong>Comment d\u00e9sinstaller\/supprimer les cookies\u00a0?<\/strong><\/p>\n<p>La d\u00e9sactivation des cookies peut rendre la navigation sur certains sites web difficile, voire impossible. Vous risquez \u00e9galement de ne plus b\u00e9n\u00e9ficier d&#039;une exp\u00e9rience de navigation optimale et, par cons\u00e9quent, de tous les avantages offerts par ce site.<\/p>\n<p>Les navigateurs modernes permettent aux utilisateurs de modifier leurs param\u00e8tres de cookies. Ces options se trouvent g\u00e9n\u00e9ralement dans le menu \u201c\u00a0Aide\u00a0\u201d, \u201c\u00a0Options\u00a0\u201d ou \u201c\u00a0Pr\u00e9f\u00e9rences\u00a0\u201d du navigateur.<\/p>\n<p>Les donn\u00e9es collect\u00e9es via les cookies sont accessibles au service marketing.<\/p>\n<p><strong>Modules d&#039;extension pour les r\u00e9seaux sociaux<\/strong><\/p>\n<p>Le site utilise des modules d&#039;extension des r\u00e9seaux sociaux suivants\u00a0: Facebook et Twitter. Ces modules sont visibles en bas de page et identifi\u00e9s par l&#039;ic\u00f4ne propre \u00e0 chaque r\u00e9seau social.<\/p>\n<p>Nous utilisons ces plugins pour assurer la connexion entre ce site et les pages officielles g\u00e9r\u00e9es par Rhein Vision sur chacun des r\u00e9seaux sociaux mentionn\u00e9s ci-dessus.<\/p>\n<p>La navigation sur ce site permet aux op\u00e9rateurs de r\u00e9seaux sociaux de collecter certaines informations concernant les visiteurs (y compris ceux qui ne sont pas connect\u00e9s \u00e0 un compte de r\u00e9seau social lors de leur visite, et ce, qu&#039;ils interagissent ou non avec ces modules d&#039;extension), telles que l&#039;adresse IP, les informations d&#039;en-t\u00eate de page, les informations relatives au navigateur et les donn\u00e9es d&#039;interaction avec le site. Rhein Vision n&#039;a pas acc\u00e8s \u00e0 ces donn\u00e9es et ne les stocke pas\u00a0; leur collecte et leur divulgation sont automatiques.<\/p>\n<p>Si vous n&#039;acceptez pas l&#039;utilisation des cookies, vous pouvez les bloquer dans les param\u00e8tres de votre navigateur.<br \/>\nLes navigateurs web proposent des options pour param\u00e9trer la s\u00e9curit\u00e9 des informations et permettre aux visiteurs de refuser l&#039;enregistrement de leurs pr\u00e9f\u00e9rences. Vous pouvez ainsi bloquer l&#039;utilisation des cookies en modifiant les param\u00e8tres de votre navigateur. Pour param\u00e9trer l&#039;acceptation des cookies, acc\u00e9dez g\u00e9n\u00e9ralement \u00e0 la section \u201c\u00a0Param\u00e8tres\u00a0\u201d \/ \u201c\u00a0Options Internet\u00a0\u201d, puis \u00e0 la sous-section \u201c\u00a0Confidentialit\u00e9 et s\u00e9curit\u00e9\u00a0\u201d \/ \u201c\u00a0Confidentialit\u00e9\u00a0\u201d du menu de votre navigateur. La proc\u00e9dure peut varier selon le navigateur utilis\u00e9.<\/p>\n<p>Vous pouvez \u00e0 tout moment supprimer les cookies enregistr\u00e9s sur votre appareil en acc\u00e9dant \u00e0 la section \u201c\u00a0Param\u00e8tres\u00a0\u201d \/ \u201c\u00a0S\u00e9curit\u00e9\u00a0\u201d, puis \u00e0 la sous-section \u201c\u00a0Confidentialit\u00e9 et s\u00e9curit\u00e9\u00a0\u201d \/ \u201c\u00a0Supprimer l\u2019historique de navigation\u00a0\u201d du menu de votre navigateur. La proc\u00e9dure peut varier selon le navigateur utilis\u00e9.<\/p>\n<p><strong>Droits pr\u00e9vus par la l\u00e9gislation sur la protection des donn\u00e9es<\/strong><\/p>\n<p>Les visiteurs de ce site b\u00e9n\u00e9ficient de tous les droits pr\u00e9vus par la l\u00e9gislation sur la protection des donn\u00e9es personnelles, comme suit\u00a0:<\/p>\n<ul>\n<li>le droit \u00e0 l&#039;information ;<\/li>\n<li>le droit d&#039;acc\u00e8s aux donn\u00e9es ;<\/li>\n<li>le droit \u00e0 la rectification ;<\/li>\n<li>le droit \u00e0 l\u2019effacement des donn\u00e9es (\u201e le droit \u00e0 l\u2019oubli \u201d) ;<\/li>\n<li>le droit \u00e0 la limitation du traitement\u00a0;<\/li>\n<li>le droit \u00e0 la portabilit\u00e9 des donn\u00e9es ;<\/li>\n<li>le droit de s&#039;opposer au traitement des donn\u00e9es\u00a0;<\/li>\n<li>le droit de ne pas \u00eatre soumis \u00e0 une prise de d\u00e9cision individuelle automatis\u00e9e\u00a0;<\/li>\n<li>le droit de saisir l\u2019Autorit\u00e9 nationale de surveillance du traitement des donn\u00e9es \u00e0 caract\u00e8re personnel ou les tribunaux comp\u00e9tents.<\/li>\n<\/ul>\n<p><strong>Donn\u00e9es collect\u00e9es et finalit\u00e9 du traitement<\/strong><\/p>\n<p>Les donn\u00e9es que nous collectons sont principalement de deux types\u00a0: les donn\u00e9es que vous nous fournissez directement et les donn\u00e9es r\u00e9cup\u00e9r\u00e9es \u00e0 partir des cookies.<\/p>\n<p>Nous pouvons collecter les informations suivantes\u00a0:<\/p>\n<ul>\n<li>nom de famille \/ pr\u00e9nom ;<\/li>\n<li>coordonn\u00e9es, y compris l&#039;adresse \u00e9lectronique\u00a0;<\/li>\n<li>autres informations pertinentes pour les enqu\u00eates et\/ou les offres destin\u00e9es aux clients\u00a0;<\/li>\n<li>Adresse IP \u2013 La g\u00e9olocalisation, gr\u00e2ce \u00e0 l&#039;adresse IP, permet techniquement d&#039;estimer la position g\u00e9ographique de l&#039;utilisateur. Une fois la session termin\u00e9e, l&#039;adresse IP n&#039;est pas conserv\u00e9e \u00e0 des fins de g\u00e9olocalisation.<\/li>\n<\/ul>\n<p><strong>Donn\u00e9es fournies directement par vous\u00a0:<\/strong><\/p>\n<p>Pour recevoir des informations sur nos produits, nos campagnes promotionnelles et nos offres sp\u00e9ciales, vous devez remplir un formulaire d&#039;inscription (newsletter) contenant vos nom, adresse e-mail et num\u00e9ro de t\u00e9l\u00e9phone. Ces donn\u00e9es sont confidentielles et seront utilis\u00e9es uniquement pour vous contacter ult\u00e9rieurement afin de vous pr\u00e9senter nos offres et de vous tenir inform\u00e9(e), g\u00e9n\u00e9ralement par le biais de nos newsletters (actualit\u00e9s et promotions).<\/p>\n<p>Conform\u00e9ment au R\u00e8glement (UE) 2016\/679 et \u00e0 la l\u00e9gislation connexe, le traitement de vos donn\u00e9es personnelles est strictement li\u00e9 \u00e0 la relation entre Rhein Vision et vous. Les informations que vous nous communiquez sont trait\u00e9es avec la plus grande confidentialit\u00e9 et exclusivement aux fins pour lesquelles elles ont \u00e9t\u00e9 collect\u00e9es.<\/p>\n<p>Les finalit\u00e9s pour lesquelles nous traitons les donn\u00e9es sont les suivantes\u00a0:<\/p>\n<ul>\n<li>contractualisation et gestion des relations clients ;<\/li>\n<li>d\u00e9veloppement des activit\u00e9s marketing.<\/li>\n<\/ul>\n<p>Acc\u00e8s au site\u00a0:<\/p>\n<p>Chaque fois qu&#039;un utilisateur acc\u00e8de \u00e0 une page de notre site et qu&#039;un fichier est ouvert, des donn\u00e9es d&#039;acc\u00e8s sont enregistr\u00e9es par nos soins et, en partie, par des tiers sous forme de fichiers de protocole. Chaque ensemble de donn\u00e9es comprend\u00a0: la page Internet depuis laquelle vous acc\u00e9dez \u00e0 notre site, votre adresse IP, la date et l&#039;heure d&#039;acc\u00e8s, la requ\u00eate du client, le code de r\u00e9ponse HTTP, la quantit\u00e9 de donn\u00e9es transf\u00e9r\u00e9es, ainsi que des informations sur votre navigateur et votre syst\u00e8me d&#039;exploitation.<\/p>\n<p><strong>accord de traitement des donn\u00e9es personnelles<\/strong>\u00a0qui cible les personnes qui s&#039;inscrivent sur le site web\u00a0<a href=\"https:\/\/www.rhein-vision.com\/fr\/\">www.rhein-vision.com<\/a>\u00a0.<\/p>\n<p>Conform\u00e9ment au r\u00e8glement (UE) 2016\/679, paragraphe 32, le consentement est donn\u00e9 par une action univoque qui constitue une manifestation de volont\u00e9 libre, sp\u00e9cifique, \u00e9clair\u00e9e et claire, vous permettant d\u2019accepter le traitement de vos donn\u00e9es personnelles sous format \u00e9lectronique. Cet accord consiste notamment \u00e0 cocher la case relative \u00e0 votre consentement au traitement de vos donn\u00e9es personnelles dans le formulaire d\u2019inscription. Ces donn\u00e9es seront utilis\u00e9es exclusivement \u00e0 des fins de marketing.<\/p>\n<p><strong>Protection des donn\u00e9es de contact<\/strong><\/p>\n<p>Si, en plus des informations pr\u00e9sent\u00e9es ci-dessus, vous estimez avoir besoin de pr\u00e9cisions ou d&#039;informations compl\u00e9mentaires, ou si vous souhaitez exercer les droits dont vous b\u00e9n\u00e9ficiez dans le cadre du traitement de vos donn\u00e9es personnelles, vous avez la possibilit\u00e9 de contacter le d\u00e9l\u00e9gu\u00e9 \u00e0 la protection des donn\u00e9es au niveau Rhein Vision, \u00e0 l&#039;adresse \u00e9lectronique suivante\u00a0:\u00a0<a href=\"mailto:dpo@rhein-vision.com\">dpo@rhein-vision.com<\/a>\u00a0.<\/p>","protected":false},"excerpt":{"rendered":"<p>Informare cu privire la protectia datelor cu caracter personal (GDPR) in conformitate cu regulamentul (UE) 2016\/279 Principiile \u0219i normele referitoare<\/p>","protected":false},"author":1,"featured_media":0,"parent":0,"menu_order":0,"comment_status":"closed","ping_status":"closed","template":"","meta":{"footnotes":""},"class_list":["post-8064","page","type-page","status-publish","hentry"],"yoast_head":"<!-- This site is optimized with the Yoast SEO plugin v27.2 - https:\/\/yoast.com\/product\/yoast-seo-wordpress\/ -->\n<title>Politica de cookies - Rhein Vision<\/title>\n<meta name=\"description\" content=\"Informare cu privire la protectia datelor cu caracter personal (GDPR) in conformitate cu regulamentul (UE) 2016\/279 Principiile \u0219i normele referitoare la.\" \/>\n<meta name=\"robots\" content=\"index, follow, max-snippet:-1, max-image-preview:large, max-video-preview:-1\" \/>\n<link rel=\"canonical\" href=\"https:\/\/www.rhein-vision.com\/fr\/politique-en-matiere-de-cookies\/\" \/>\n<meta property=\"og:locale\" content=\"fr_FR\" \/>\n<meta property=\"og:type\" content=\"article\" \/>\n<meta property=\"og:title\" content=\"Politica de cookies - Rhein Vision\" \/>\n<meta property=\"og:description\" content=\"Informare cu privire la protectia datelor cu caracter personal (GDPR) in conformitate cu regulamentul (UE) 2016\/279 Principiile \u0219i normele referitoare la.\" \/>\n<meta property=\"og:url\" content=\"https:\/\/www.rhein-vision.com\/fr\/politique-en-matiere-de-cookies\/\" \/>\n<meta property=\"og:site_name\" content=\"Rhein Vision\" \/>\n<meta name=\"twitter:card\" content=\"summary_large_image\" \/>\n<meta name=\"twitter:label1\" content=\"Dur\u00e9e de lecture estim\u00e9e\" \/>\n\t<meta name=\"twitter:data1\" content=\"9 minutes\" \/>\n<script type=\"application\/ld+json\" class=\"yoast-schema-graph\">{\"@context\":\"https:\/\/schema.org\",\"@graph\":[{\"@type\":\"WebPage\",\"@id\":\"https:\/\/www.rhein-vision.com\/politica-de-cookies\/\",\"url\":\"https:\/\/www.rhein-vision.com\/politica-de-cookies\/\",\"name\":\"Politica de cookies - Rhein Vision\",\"isPartOf\":{\"@id\":\"https:\/\/www.rhein-vision.com\/#website\"},\"datePublished\":\"2025-04-28T11:00:30+00:00\",\"description\":\"Informare cu privire la protectia datelor cu caracter personal (GDPR) in conformitate cu regulamentul (UE) 2016\/279 Principiile \u0219i normele referitoare la.\",\"breadcrumb\":{\"@id\":\"https:\/\/www.rhein-vision.com\/politica-de-cookies\/#breadcrumb\"},\"inLanguage\":\"fr-FR\",\"potentialAction\":[{\"@type\":\"ReadAction\",\"target\":[\"https:\/\/www.rhein-vision.com\/politica-de-cookies\/\"]}]},{\"@type\":\"BreadcrumbList\",\"@id\":\"https:\/\/www.rhein-vision.com\/politica-de-cookies\/#breadcrumb\",\"itemListElement\":[{\"@type\":\"ListItem\",\"position\":1,\"name\":\"Prima pagin\u0103\",\"item\":\"https:\/\/www.rhein-vision.com\/\"},{\"@type\":\"ListItem\",\"position\":2,\"name\":\"Politica de cookies\"}]},{\"@type\":\"WebSite\",\"@id\":\"https:\/\/www.rhein-vision.com\/#website\",\"url\":\"https:\/\/www.rhein-vision.com\/\",\"name\":\"Rhein Vision\",\"description\":\"\",\"potentialAction\":[{\"@type\":\"SearchAction\",\"target\":{\"@type\":\"EntryPoint\",\"urlTemplate\":\"https:\/\/www.rhein-vision.com\/?s={search_term_string}\"},\"query-input\":{\"@type\":\"PropertyValueSpecification\",\"valueRequired\":true,\"valueName\":\"search_term_string\"}}],\"inLanguage\":\"fr-FR\"}]}<\/script>\n<!-- \/ Yoast SEO plugin. -->","yoast_head_json":{"title":"Politique relative aux cookies - Rhein Vision","description":"Informations sur la protection des donn\u00e9es personnelles (RGPD) conform\u00e9ment au R\u00e8glement (UE) 2016\/279 Principes et r\u00e8gles relatifs \u00e0.","robots":{"index":"index","follow":"follow","max-snippet":"max-snippet:-1","max-image-preview":"max-image-preview:large","max-video-preview":"max-video-preview:-1"},"canonical":"https:\/\/www.rhein-vision.com\/fr\/politique-en-matiere-de-cookies\/","og_locale":"fr_FR","og_type":"article","og_title":"Politica de cookies - Rhein Vision","og_description":"Informare cu privire la protectia datelor cu caracter personal (GDPR) in conformitate cu regulamentul (UE) 2016\/279 Principiile \u0219i normele referitoare la.","og_url":"https:\/\/www.rhein-vision.com\/fr\/politique-en-matiere-de-cookies\/","og_site_name":"Rhein Vision","twitter_card":"summary_large_image","twitter_misc":{"Dur\u00e9e de lecture estim\u00e9e":"9 minutes"},"schema":{"@context":"https:\/\/schema.org","@graph":[{"@type":"WebPage","@id":"https:\/\/www.rhein-vision.com\/politica-de-cookies\/","url":"https:\/\/www.rhein-vision.com\/politica-de-cookies\/","name":"Politique relative aux cookies - Rhein Vision","isPartOf":{"@id":"https:\/\/www.rhein-vision.com\/#website"},"datePublished":"2025-04-28T11:00:30+00:00","description":"Informations sur la protection des donn\u00e9es personnelles (RGPD) conform\u00e9ment au R\u00e8glement (UE) 2016\/279 Principes et r\u00e8gles relatifs \u00e0.","breadcrumb":{"@id":"https:\/\/www.rhein-vision.com\/politica-de-cookies\/#breadcrumb"},"inLanguage":"fr-FR","potentialAction":[{"@type":"ReadAction","target":["https:\/\/www.rhein-vision.com\/politica-de-cookies\/"]}]},{"@type":"BreadcrumbList","@id":"https:\/\/www.rhein-vision.com\/politica-de-cookies\/#breadcrumb","itemListElement":[{"@type":"ListItem","position":1,"name":"Prima pagin\u0103","item":"https:\/\/www.rhein-vision.com\/"},{"@type":"ListItem","position":2,"name":"Politica de cookies"}]},{"@type":"WebSite","@id":"https:\/\/www.rhein-vision.com\/#website","url":"https:\/\/www.rhein-vision.com\/","name":"Rhein Vision","description":"","potentialAction":[{"@type":"SearchAction","target":{"@type":"EntryPoint","urlTemplate":"https:\/\/www.rhein-vision.com\/?s={search_term_string}"},"query-input":{"@type":"PropertyValueSpecification","valueRequired":true,"valueName":"search_term_string"}}],"inLanguage":"fr-FR"}]}},"_links":{"self":[{"href":"https:\/\/www.rhein-vision.com\/fr\/wp-json\/wp\/v2\/pages\/8064","targetHints":{"allow":["GET"]}}],"collection":[{"href":"https:\/\/www.rhein-vision.com\/fr\/wp-json\/wp\/v2\/pages"}],"about":[{"href":"https:\/\/www.rhein-vision.com\/fr\/wp-json\/wp\/v2\/types\/page"}],"author":[{"embeddable":true,"href":"https:\/\/www.rhein-vision.com\/fr\/wp-json\/wp\/v2\/users\/1"}],"replies":[{"embeddable":true,"href":"https:\/\/www.rhein-vision.com\/fr\/wp-json\/wp\/v2\/comments?post=8064"}],"version-history":[{"count":1,"href":"https:\/\/www.rhein-vision.com\/fr\/wp-json\/wp\/v2\/pages\/8064\/revisions"}],"predecessor-version":[{"id":8065,"href":"https:\/\/www.rhein-vision.com\/fr\/wp-json\/wp\/v2\/pages\/8064\/revisions\/8065"}],"wp:attachment":[{"href":"https:\/\/www.rhein-vision.com\/fr\/wp-json\/wp\/v2\/media?parent=8064"}],"curies":[{"name":"wp","href":"https:\/\/api.w.org\/{rel}","templated":true}]}}