{"id":8064,"date":"2025-04-28T14:00:30","date_gmt":"2025-04-28T11:00:30","guid":{"rendered":"https:\/\/www.rhein-vision.com.ro\/?page_id=8064"},"modified":"2025-04-28T14:00:30","modified_gmt":"2025-04-28T11:00:30","slug":"politica-de-cookies","status":"publish","type":"page","link":"https:\/\/www.rhein-vision.com\/es\/politica-de-cookies\/","title":{"rendered":"Pol\u00edtica de cookies"},"content":{"rendered":"<p><strong>Informaci\u00f3n sobre la protecci\u00f3n de datos personales (RGPD) de conformidad con el Reglamento (UE) 2016\/279.<\/strong><\/p>\n<p>Los principios y normas relativos a la protecci\u00f3n de las personas f\u00edsicas en lo que respecta al tratamiento de sus datos personales deben respetar, independientemente de la nacionalidad o el lugar de residencia de las personas, sus derechos y libertades fundamentales, en particular el derecho a la protecci\u00f3n de datos personales.<\/p>\n<p>Por lo tanto, proteger sus datos es importante para nosotros. Queremos ser transparentes sobre el tipo y la finalidad de los datos personales que recopilamos y procesamos, todo ello de conformidad con las nuevas normas del Reglamento General de Protecci\u00f3n de Datos (RGPD) 2016\/679.<\/p>\n<p><strong>Pol\u00edtica de cookies<\/strong><\/p>\n<p><strong>\u00bfQu\u00e9 son las cookies y c\u00f3mo se utilizan?<\/strong><\/p>\n<p>Las cookies son peque\u00f1os archivos, generalmente compuestos por una cadena de caracteres o partes de un archivo, que al acceder a un sitio web se guardan en el navegador del ordenador, tel\u00e9fono, tableta o cualquier otro dispositivo desde el que se acceda a dicho sitio. Con cada acceso posterior al sitio, el navegador env\u00eda este archivo al servidor del sitio web correspondiente, para permitir la identificaci\u00f3n del visitante que ha regresado.<\/p>\n<p>Cuando accedes al sitio como visitante, se env\u00eda una cookie a tu navegador de internet y se guarda en el disco duro de tu ordenador, pero puedes bloquear el almacenamiento de cookies cambiando la configuraci\u00f3n de tu navegador.<\/p>\n<p>Las cookies pueden almacenar informaci\u00f3n de car\u00e1cter personal (por ejemplo, el c\u00f3digo de identificaci\u00f3n del visitante, sus preferencias personalizadas o el historial de p\u00e1ginas visitadas). Esta informaci\u00f3n no la generan las cookies, sino el propio visitante al completar formularios en l\u00ednea.<br \/>\nAunque las cookies se almacenan en la memoria del ordenador, tel\u00e9fono, tableta o cualquier otro dispositivo utilizado para acceder a un sitio web, no pueden acceder ni leer otra informaci\u00f3n almacenada en dicho dispositivo.<\/p>\n<p>Las cookies no son virus, no se compilan en c\u00f3digo y no se pueden ejecutar. Por lo tanto, no pueden responderse a s\u00ed mismas, no pueden propagarse a otras redes para activar ciertas acciones ni utilizarse para propagar virus.<\/p>\n<p>Seg\u00fan su duraci\u00f3n, las cookies pueden ser cookies de sesi\u00f3n o cookies persistentes:<br \/>\nLas cookies de sesi\u00f3n tienen una duraci\u00f3n de almacenamiento temporal, limitada \u00fanicamente a la duraci\u00f3n de la sesi\u00f3n en la que un visitante en particular accede al sitio. Cuando se cierra la sesi\u00f3n o el navegador, se elimina toda la informaci\u00f3n almacenada;<\/p>\n<p><strong>\u00bfQu\u00e9 cookies utiliza este sitio?<\/strong><\/p>\n<p>Este sitio web utiliza tanto cookies de sesi\u00f3n como cookies persistentes.<\/p>\n<p>Las cookies utilizadas por este sitio son tanto propias como de terceros, lo que nos permite garantizar el correcto funcionamiento del sitio y comprender las necesidades y requisitos de los visitantes, con el fin de mejorar su experiencia de navegaci\u00f3n y asegurar el mejor uso posible de los servicios ofrecidos a trav\u00e9s de este sitio.<\/p>\n<p>Para analizar el tr\u00e1fico y el rendimiento de este sitio web, as\u00ed como para optimizar su contenido, utilizamos las herramientas de an\u00e1lisis de Google Analytics, un servicio de an\u00e1lisis web de Google Inc. (\u201cGoogle\u201d). Las cookies anal\u00edticas recopilan y almacenan informaci\u00f3n sobre las p\u00e1ginas visitadas, el navegador y los dispositivos de los visitantes, la forma de acceso al sitio web y su comportamiento en diferentes canales, la duraci\u00f3n de la visita y las visitas posteriores. Esta informaci\u00f3n nos ayuda a analizar el uso de las p\u00e1ginas (incluidas las m\u00e1s visitadas y las dificultades que puedan surgir durante la navegaci\u00f3n), la interacci\u00f3n con las p\u00e1ginas y las opciones de navegaci\u00f3n de los visitantes, as\u00ed como el tr\u00e1fico generado por nuestras campa\u00f1as publicitarias. Los datos analizados se anonimizan, impidiendo la identificaci\u00f3n de los visitantes a nivel individual (tambi\u00e9n conocidos como indicadores de medici\u00f3n web).<\/p>\n<p>Utilizamos Google Analytics para recopilar informaci\u00f3n sobre c\u00f3mo los visitantes usan nuestros sitios web y aplicaciones web. Por ejemplo, recopilamos detalles como la fuente de la visita y el n\u00famero total de visitantes a nuestro sitio web y aplicaciones. Esto nos permite determinar la efectividad de nuestras campa\u00f1as promocionales y la actividad de los usuarios en nuestros sitios web y aplicaciones.<\/p>\n<p>Aqu\u00ed encontrar\u00e1 m\u00e1s detalles sobre la pol\u00edtica de privacidad de Google Analytics:\u00a0<a href=\"https:\/\/support.google.com\/\">https:\/\/support.google.com<\/a><\/p>\n<p><strong>\u00bfC\u00f3mo puedo desinstalar\/eliminar las cookies?<\/strong><\/p>\n<p>Deshabilitar las cookies puede dificultar o incluso imposibilitar la navegaci\u00f3n en ciertos sitios web. Adem\u00e1s, es posible que ya no pueda disfrutar de una experiencia de navegaci\u00f3n agradable y, por consiguiente, de todas las ventajas que ofrece dicho sitio web.<\/p>\n<p>Los navegadores modernos permiten a los usuarios modificar la configuraci\u00f3n de las cookies. Esta opci\u00f3n suele encontrarse en el men\u00fa &quot;Ayuda&quot;, &quot;Opciones&quot; o &quot;Preferencias&quot; del navegador.<\/p>\n<p>El departamento de marketing tiene acceso a los datos recopilados a trav\u00e9s de las cookies.<\/p>\n<p><strong>complementos de redes sociales<\/strong><\/p>\n<p>El sitio web utiliza complementos de las siguientes redes sociales: Facebook y Twitter. Estos complementos se muestran en la parte inferior del sitio y se identifican mediante el icono correspondiente a cada red social.<\/p>\n<p>Utilizamos estos complementos para garantizar la conexi\u00f3n entre este sitio y las p\u00e1ginas oficiales gestionadas por Rhein Vision en cada una de las redes sociales mencionadas anteriormente.<\/p>\n<p>Al navegar por el sitio, los operadores de redes sociales pueden recopilar informaci\u00f3n sobre los visitantes (incluidos aquellos que no han iniciado sesi\u00f3n en una cuenta de redes sociales al acceder al sitio, independientemente de si interact\u00faan o no con estos complementos), como la direcci\u00f3n IP, la informaci\u00f3n del encabezado de la p\u00e1gina, la informaci\u00f3n del navegador y la informaci\u00f3n sobre la interacci\u00f3n con este sitio. Rhein Vision no tiene acceso a estos datos ni los almacena; su recopilaci\u00f3n y divulgaci\u00f3n se realizan autom\u00e1ticamente.<\/p>\n<p>Si no est\u00e1 de acuerdo con el uso de cookies, puede bloquearlas en la configuraci\u00f3n de su navegador.<br \/>\nLos navegadores web ofrecen funciones para configurar el nivel de seguridad de la informaci\u00f3n, permitiendo a los visitantes optar por no permitir que se registren sus preferencias. As\u00ed, puede bloquear el uso de cookies modificando la configuraci\u00f3n de su navegador. Para configurar el nivel de aceptaci\u00f3n de cookies, en la mayor\u00eda de los casos, acceda a la secci\u00f3n \u201cConfiguraci\u00f3n\u201d \/ \u201cOpciones de Internet\u201d, espec\u00edficamente a la subsecci\u00f3n \u201cPrivacidad y seguridad\u201d del men\u00fa del navegador. Dependiendo del navegador que utilice, estos pasos pueden variar.<\/p>\n<p>En cualquier momento, puede eliminar las cookies almacenadas en su dispositivo accediendo a la secci\u00f3n \u201cAjustes\u201d \/ \u201cSeguridad\u201d, espec\u00edficamente a la subsecci\u00f3n \u201cPrivacidad y seguridad\u201d \/ \u201cBorrar historial de navegaci\u00f3n\u201d en el men\u00fa del navegador. Los pasos a seguir pueden variar seg\u00fan el navegador.<\/p>\n<p><strong>Derechos previstos por la legislaci\u00f3n de protecci\u00f3n de datos<\/strong><\/p>\n<p>Los visitantes de este sitio se benefician de todos los derechos previstos por la legislaci\u00f3n sobre protecci\u00f3n de datos personales, a saber:<\/p>\n<ul>\n<li>el derecho a la informaci\u00f3n;<\/li>\n<li>el derecho de acceso a los datos;<\/li>\n<li>el derecho a la rectificaci\u00f3n;<\/li>\n<li>el derecho a la supresi\u00f3n de datos (&quot;el derecho al olvido&quot;);<\/li>\n<li>el derecho a la limitaci\u00f3n del tratamiento;<\/li>\n<li>el derecho a la portabilidad de los datos;<\/li>\n<li>el derecho a oponerse al tratamiento de datos;<\/li>\n<li>el derecho a no ser objeto de decisiones individuales automatizadas;<\/li>\n<li>el derecho a dirigirse a la Autoridad Nacional de Supervisi\u00f3n del Tratamiento de Datos Personales o a los tribunales competentes.<\/li>\n<\/ul>\n<p><strong>Datos recopilados y finalidad del tratamiento<\/strong><\/p>\n<p>Los datos que recopilamos son principalmente de dos tipos: datos proporcionados directamente por usted y datos obtenidos a trav\u00e9s de cookies.<\/p>\n<p>Podemos recopilar la siguiente informaci\u00f3n:<\/p>\n<ul>\n<li>apellido \/ nombre;<\/li>\n<li>datos de contacto, incluida la direcci\u00f3n de correo electr\u00f3nico;<\/li>\n<li>otra informaci\u00f3n relevante para encuestas y\/o ofertas a clientes;<\/li>\n<li>Direcci\u00f3n IP: Mediante la geolocalizaci\u00f3n, utilizando la direcci\u00f3n IP, es t\u00e9cnicamente posible estimar la ubicaci\u00f3n del usuario de internet. Una vez finalizada la sesi\u00f3n actual, la direcci\u00f3n IP no se almacena con fines de geolocalizaci\u00f3n.<\/li>\n<\/ul>\n<p><strong>Datos proporcionados directamente por usted:<\/strong><\/p>\n<p>Para recibir informaci\u00f3n sobre nuestros productos, campa\u00f1as promocionales y ofertas especiales, deber\u00e1 completar un formulario de registro (bolet\u00edn informativo) con sus datos personales: nombre, correo electr\u00f3nico y n\u00famero de tel\u00e9fono. Esta informaci\u00f3n se considera confidencial y se utilizar\u00e1 \u00fanicamente para contactarle posteriormente y presentarle nuestra oferta, as\u00ed como para enviarle informaci\u00f3n adicional, generalmente a trav\u00e9s de boletines informativos por correo electr\u00f3nico sobre novedades o promociones.<\/p>\n<p>De conformidad con el Reglamento (UE) 2016\/679 y la legislaci\u00f3n conexa, los fines para los que tratamos sus datos personales est\u00e1n estrictamente relacionados con la relaci\u00f3n entre Rhein Vision y el interesado. La informaci\u00f3n que nos facilita se trata con la m\u00e1xima confidencialidad y exclusivamente para los fines para los que fue recabada.<\/p>\n<p>Los fines para los que tratamos los datos son:<\/p>\n<ul>\n<li>Contrataci\u00f3n y gesti\u00f3n de las relaciones con los clientes;<\/li>\n<li>desarrollo de la actividad de marketing.<\/li>\n<\/ul>\n<p>Acceso al sitio:<\/p>\n<p>Cada vez que un usuario accede a una p\u00e1gina de nuestro sitio web y cada vez que se abre un archivo, nosotros y, en parte, terceros guardamos datos de acceso en forma de archivos de registro. Cada conjunto de datos incluye: la p\u00e1gina web desde la que accede a nuestra p\u00e1gina, la direcci\u00f3n IP, la fecha y hora de acceso, la solicitud del cliente, el c\u00f3digo de respuesta HTTP, la cantidad de datos transferidos e informaci\u00f3n sobre el navegador y el sistema operativo que utiliza.<\/p>\n<p><strong>acuerdo de procesamiento de datos personales<\/strong>\u00a0que se dirige a las personas que se registran en el sitio web\u00a0<a href=\"https:\/\/www.rhein-vision.com\/es\/\">www.rhein-vision.com<\/a>\u00a0.<\/p>\n<p>De conformidad con el Reglamento (UE) 2016\/679, apartado 32, el consentimiento se otorga mediante una acci\u00f3n inequ\u00edvoca que constituye una indicaci\u00f3n libre, espec\u00edfica, informada y clara de su conformidad con el tratamiento de datos personales en formato electr\u00f3nico. Esta conformidad se manifiesta al marcar la casilla correspondiente en el formulario de registro. Estos datos se utilizar\u00e1n exclusivamente para fines de marketing.<\/p>\n<p><strong>Protecci\u00f3n de datos de contacto<\/strong><\/p>\n<p>En la medida en que, adem\u00e1s de la informaci\u00f3n presentada anteriormente, considere que necesita aclaraciones o informaci\u00f3n adicional, o desee ejercer los derechos que le corresponden en el contexto del tratamiento de sus datos personales, tiene la oportunidad de ponerse en contacto con el Responsable de Protecci\u00f3n de Datos de nivel Rhein Vision, en la siguiente direcci\u00f3n de correo electr\u00f3nico:\u00a0<a href=\"mailto:dpo@rhein-vision.com\">dpo@rhein-vision.com<\/a>\u00a0.<\/p>","protected":false},"excerpt":{"rendered":"<p>Informare cu privire la protectia datelor cu caracter personal (GDPR) in conformitate cu regulamentul (UE) 2016\/279 Principiile \u0219i normele referitoare<\/p>","protected":false},"author":1,"featured_media":0,"parent":0,"menu_order":0,"comment_status":"closed","ping_status":"closed","template":"","meta":{"footnotes":""},"class_list":["post-8064","page","type-page","status-publish","hentry"],"yoast_head":"<!-- This site is optimized with the Yoast SEO plugin v27.2 - https:\/\/yoast.com\/product\/yoast-seo-wordpress\/ -->\n<title>Politica de cookies - Rhein Vision<\/title>\n<meta name=\"description\" content=\"Informare cu privire la protectia datelor cu caracter personal (GDPR) in conformitate cu regulamentul (UE) 2016\/279 Principiile \u0219i normele referitoare la.\" \/>\n<meta name=\"robots\" content=\"index, follow, max-snippet:-1, max-image-preview:large, max-video-preview:-1\" \/>\n<link rel=\"canonical\" href=\"https:\/\/www.rhein-vision.com\/es\/politica-de-cookies\/\" \/>\n<meta property=\"og:locale\" content=\"es_ES\" \/>\n<meta property=\"og:type\" content=\"article\" \/>\n<meta property=\"og:title\" content=\"Politica de cookies - Rhein Vision\" \/>\n<meta property=\"og:description\" content=\"Informare cu privire la protectia datelor cu caracter personal (GDPR) in conformitate cu regulamentul (UE) 2016\/279 Principiile \u0219i normele referitoare la.\" \/>\n<meta property=\"og:url\" content=\"https:\/\/www.rhein-vision.com\/es\/politica-de-cookies\/\" \/>\n<meta property=\"og:site_name\" content=\"Rhein Vision\" \/>\n<meta name=\"twitter:card\" content=\"summary_large_image\" \/>\n<meta name=\"twitter:label1\" content=\"Tiempo de lectura\" \/>\n\t<meta name=\"twitter:data1\" content=\"9 minutos\" \/>\n<script type=\"application\/ld+json\" class=\"yoast-schema-graph\">{\"@context\":\"https:\/\/schema.org\",\"@graph\":[{\"@type\":\"WebPage\",\"@id\":\"https:\/\/www.rhein-vision.com\/politica-de-cookies\/\",\"url\":\"https:\/\/www.rhein-vision.com\/politica-de-cookies\/\",\"name\":\"Politica de cookies - Rhein Vision\",\"isPartOf\":{\"@id\":\"https:\/\/www.rhein-vision.com\/#website\"},\"datePublished\":\"2025-04-28T11:00:30+00:00\",\"description\":\"Informare cu privire la protectia datelor cu caracter personal (GDPR) in conformitate cu regulamentul (UE) 2016\/279 Principiile \u0219i normele referitoare la.\",\"breadcrumb\":{\"@id\":\"https:\/\/www.rhein-vision.com\/politica-de-cookies\/#breadcrumb\"},\"inLanguage\":\"es\",\"potentialAction\":[{\"@type\":\"ReadAction\",\"target\":[\"https:\/\/www.rhein-vision.com\/politica-de-cookies\/\"]}]},{\"@type\":\"BreadcrumbList\",\"@id\":\"https:\/\/www.rhein-vision.com\/politica-de-cookies\/#breadcrumb\",\"itemListElement\":[{\"@type\":\"ListItem\",\"position\":1,\"name\":\"Prima pagin\u0103\",\"item\":\"https:\/\/www.rhein-vision.com\/\"},{\"@type\":\"ListItem\",\"position\":2,\"name\":\"Politica de cookies\"}]},{\"@type\":\"WebSite\",\"@id\":\"https:\/\/www.rhein-vision.com\/#website\",\"url\":\"https:\/\/www.rhein-vision.com\/\",\"name\":\"Rhein Vision\",\"description\":\"\",\"potentialAction\":[{\"@type\":\"SearchAction\",\"target\":{\"@type\":\"EntryPoint\",\"urlTemplate\":\"https:\/\/www.rhein-vision.com\/?s={search_term_string}\"},\"query-input\":{\"@type\":\"PropertyValueSpecification\",\"valueRequired\":true,\"valueName\":\"search_term_string\"}}],\"inLanguage\":\"es\"}]}<\/script>\n<!-- \/ Yoast SEO plugin. -->","yoast_head_json":{"title":"Pol\u00edtica de cookies - Rhein Vision","description":"Informaci\u00f3n sobre la protecci\u00f3n de datos personales (RGPD) de conformidad con el Reglamento (UE) 2016\/279, Principios y normas relativos a la protecci\u00f3n de datos personales.","robots":{"index":"index","follow":"follow","max-snippet":"max-snippet:-1","max-image-preview":"max-image-preview:large","max-video-preview":"max-video-preview:-1"},"canonical":"https:\/\/www.rhein-vision.com\/es\/politica-de-cookies\/","og_locale":"es_ES","og_type":"article","og_title":"Politica de cookies - Rhein Vision","og_description":"Informare cu privire la protectia datelor cu caracter personal (GDPR) in conformitate cu regulamentul (UE) 2016\/279 Principiile \u0219i normele referitoare la.","og_url":"https:\/\/www.rhein-vision.com\/es\/politica-de-cookies\/","og_site_name":"Rhein Vision","twitter_card":"summary_large_image","twitter_misc":{"Tiempo de lectura":"9 minutos"},"schema":{"@context":"https:\/\/schema.org","@graph":[{"@type":"WebPage","@id":"https:\/\/www.rhein-vision.com\/politica-de-cookies\/","url":"https:\/\/www.rhein-vision.com\/politica-de-cookies\/","name":"Pol\u00edtica de cookies - Rhein Vision","isPartOf":{"@id":"https:\/\/www.rhein-vision.com\/#website"},"datePublished":"2025-04-28T11:00:30+00:00","description":"Informaci\u00f3n sobre la protecci\u00f3n de datos personales (RGPD) de conformidad con el Reglamento (UE) 2016\/279, Principios y normas relativos a la protecci\u00f3n de datos personales.","breadcrumb":{"@id":"https:\/\/www.rhein-vision.com\/politica-de-cookies\/#breadcrumb"},"inLanguage":"es","potentialAction":[{"@type":"ReadAction","target":["https:\/\/www.rhein-vision.com\/politica-de-cookies\/"]}]},{"@type":"BreadcrumbList","@id":"https:\/\/www.rhein-vision.com\/politica-de-cookies\/#breadcrumb","itemListElement":[{"@type":"ListItem","position":1,"name":"Prima pagin\u0103","item":"https:\/\/www.rhein-vision.com\/"},{"@type":"ListItem","position":2,"name":"Politica de cookies"}]},{"@type":"WebSite","@id":"https:\/\/www.rhein-vision.com\/#website","url":"https:\/\/www.rhein-vision.com\/","name":"Rhein Vision","description":"","potentialAction":[{"@type":"SearchAction","target":{"@type":"EntryPoint","urlTemplate":"https:\/\/www.rhein-vision.com\/?s={search_term_string}"},"query-input":{"@type":"PropertyValueSpecification","valueRequired":true,"valueName":"search_term_string"}}],"inLanguage":"es"}]}},"_links":{"self":[{"href":"https:\/\/www.rhein-vision.com\/es\/wp-json\/wp\/v2\/pages\/8064","targetHints":{"allow":["GET"]}}],"collection":[{"href":"https:\/\/www.rhein-vision.com\/es\/wp-json\/wp\/v2\/pages"}],"about":[{"href":"https:\/\/www.rhein-vision.com\/es\/wp-json\/wp\/v2\/types\/page"}],"author":[{"embeddable":true,"href":"https:\/\/www.rhein-vision.com\/es\/wp-json\/wp\/v2\/users\/1"}],"replies":[{"embeddable":true,"href":"https:\/\/www.rhein-vision.com\/es\/wp-json\/wp\/v2\/comments?post=8064"}],"version-history":[{"count":1,"href":"https:\/\/www.rhein-vision.com\/es\/wp-json\/wp\/v2\/pages\/8064\/revisions"}],"predecessor-version":[{"id":8065,"href":"https:\/\/www.rhein-vision.com\/es\/wp-json\/wp\/v2\/pages\/8064\/revisions\/8065"}],"wp:attachment":[{"href":"https:\/\/www.rhein-vision.com\/es\/wp-json\/wp\/v2\/media?parent=8064"}],"curies":[{"name":"wp","href":"https:\/\/api.w.org\/{rel}","templated":true}]}}